{"id":1910,"date":"2021-11-10T00:58:47","date_gmt":"2021-11-10T00:58:47","guid":{"rendered":"https:\/\/m50.artsrn.ualberta.ca\/?page_id=1910"},"modified":"2021-11-10T01:44:06","modified_gmt":"2021-11-10T01:44:06","slug":"opening-session-speakers","status":"publish","type":"page","link":"https:\/\/m50.artsrn.ualberta.ca\/fr\/schedule\/opening-session-speakers\/","title":{"rendered":"Opening Session Speakers"},"content":{"rendered":"<div data-colibri-id=\"1910-c1\" class=\"style-1288 style-local-1910-c1 position-relative\">\n  <!---->\n  <div data-colibri-component=\"section\" data-colibri-id=\"1910-c2\" id=\"custom\" class=\"h-section h-section-global-spacing d-flex align-items-lg-center align-items-md-center align-items-center style-1289 style-local-1910-c2 position-relative\">\n    <!---->\n    <!---->\n    <div class=\"h-section-grid-container h-section-boxed-container\">\n      <!---->\n      <div data-colibri-id=\"1910-c3\" class=\"h-row-container gutters-row-lg-2 gutters-row-md-2 gutters-row-0 gutters-row-v-lg-2 gutters-row-v-md-2 gutters-row-v-2 style-1290 style-local-1910-c3 position-relative\">\n        <!---->\n        <div class=\"h-row justify-content-lg-center justify-content-md-center justify-content-center align-items-lg-stretch align-items-md-stretch align-items-stretch gutters-col-lg-2 gutters-col-md-2 gutters-col-0 gutters-col-v-lg-2 gutters-col-v-md-2 gutters-col-v-2\">\n          <!---->\n          <div class=\"h-column h-column-container d-flex h-col-lg-auto h-col-md-auto h-col-auto style-1291-outer style-local-1910-c4-outer\">\n            <div data-colibri-id=\"1910-c4\" class=\"d-flex h-flex-basis h-column__inner h-px-lg-2 h-px-md-2 h-px-2 v-inner-lg-2 v-inner-md-2 v-inner-2 style-1291 style-local-1910-c4 position-relative\">\n              <!---->\n              <!---->\n              <div class=\"w-100 h-y-container h-column__content h-column__v-align flex-basis-100 align-self-lg-start align-self-md-start align-self-start\">\n                <!---->\n                <div data-colibri-id=\"1910-c5\" class=\"style-1292 style-local-1910-c5 position-relative h-element\">\n                  <!---->\n                <\/div>\n              <\/div>\n            <\/div>\n          <\/div>\n        <\/div>\n      <\/div>\n    <\/div>\n  <\/div>\n  <div data-colibri-component=\"section\" data-colibri-id=\"1910-c6\" id=\"custom-2\" class=\"h-section h-section-global-spacing d-flex align-items-lg-center align-items-md-center align-items-center style-1293 style-local-1910-c6 position-relative\">\n    <!---->\n    <!---->\n    <div class=\"h-section-grid-container h-section-boxed-container\">\n      <!---->\n      <div data-colibri-id=\"1910-c7\" class=\"h-row-container gutters-row-lg-2 gutters-row-md-2 gutters-row-0 gutters-row-v-lg-2 gutters-row-v-md-2 gutters-row-v-2 style-1297 style-local-1910-c7 position-relative\">\n        <!---->\n        <div class=\"h-row justify-content-lg-center justify-content-md-center justify-content-center align-items-lg-stretch align-items-md-stretch align-items-stretch gutters-col-lg-2 gutters-col-md-2 gutters-col-0 gutters-col-v-lg-2 gutters-col-v-md-2 gutters-col-v-2\">\n          <!---->\n          <div class=\"h-column h-column-container d-flex h-col-lg-auto h-col-md-auto h-col-auto style-1298-outer style-local-1910-c8-outer\">\n            <div data-colibri-id=\"1910-c8\" class=\"d-flex h-flex-basis h-column__inner h-px-lg-2 h-px-md-2 h-px-2 v-inner-lg-2 v-inner-md-2 v-inner-2 style-1298 style-local-1910-c8 position-relative\">\n              <!---->\n              <!---->\n              <div class=\"w-100 h-y-container h-column__content h-column__v-align flex-basis-100 align-self-lg-start align-self-md-start align-self-start\">\n                <!---->\n                <div data-colibri-id=\"1910-c9\" class=\"h-global-transition-all h-heading style-1300 style-local-1910-c9 position-relative h-element\">\n                  <!---->\n                  <div class=\"h-heading__outer style-1300 style-local-1910-c9\">\n                    <!---->\n                    <!---->\n                    <h1 class=\"\"><span style=\"font-size: 70%;\">Opening Session Speakers<\/span><\/h1>\n                  <\/div>\n                <\/div>\n              <\/div>\n            <\/div>\n          <\/div>\n          <div class=\"h-column h-column-container d-flex h-col-lg-auto h-col-md-auto h-col-auto style-1301-outer style-local-1910-c10-outer\">\n            <div data-colibri-id=\"1910-c10\" class=\"d-flex h-flex-basis h-column__inner h-px-lg-2 h-px-md-2 h-px-2 v-inner-lg-2 v-inner-md-2 v-inner-2 style-1301 style-local-1910-c10 position-relative\">\n              <!---->\n              <!---->\n              <div class=\"w-100 h-y-container h-column__content h-column__v-align flex-basis-100 align-self-lg-start align-self-md-start align-self-start\">\n                <!---->\n                <div data-colibri-id=\"1910-c11\" class=\"d-block style-1302 style-local-1910-c11 position-relative h-element\">\n                  <!---->\n                  <div class=\"h-image__frame-container-outer\">\n                    <div class=\"h-image__frame-container\">\n                      <!---->\n                      <!---->\n                      <img decoding=\"async\" src=\"https:\/\/m50.artsrn.ualberta.ca\/wp-content\/uploads\/2021\/03\/cropped-cropped-cropped-Flower-lines-PNG-150x150.png\" class=\"style-1302-image style-local-1910-c11-image\">\n                      <div class=\"h-image__frame h-hide-lg h-hide-md h-hide-sm style-1302-frameImage style-local-1910-c11-frameImage\"><\/div>\n                    <\/div>\n                  <\/div>\n                <\/div>\n              <\/div>\n            <\/div>\n          <\/div>\n        <\/div>\n      <\/div>\n      <div data-colibri-id=\"1910-c12\" class=\"h-row-container gutters-row-lg-2 gutters-row-md-2 gutters-row-0 gutters-row-v-lg-2 gutters-row-v-md-2 gutters-row-v-2 style-1294 style-local-1910-c12 position-relative\">\n        <!---->\n        <div class=\"h-row justify-content-lg-center justify-content-md-center justify-content-center align-items-lg-stretch align-items-md-stretch align-items-stretch gutters-col-lg-2 gutters-col-md-2 gutters-col-0 gutters-col-v-lg-2 gutters-col-v-md-2 gutters-col-v-2\">\n          <!---->\n          <div class=\"h-column h-column-container d-flex h-col-lg-auto h-col-md-auto h-col-auto style-1295-outer style-local-1910-c13-outer\">\n            <div data-colibri-id=\"1910-c13\" class=\"d-flex h-flex-basis h-column__inner h-px-lg-2 h-px-md-2 h-px-2 v-inner-lg-2 v-inner-md-2 v-inner-2 style-1295 style-local-1910-c13 position-relative\">\n              <!---->\n              <!---->\n              <div class=\"w-100 h-y-container h-column__content h-column__v-align flex-basis-100 align-self-lg-start align-self-md-start align-self-start\">\n                <!---->\n                <div data-colibri-id=\"1910-c14\" class=\"h-text h-text-component style-1296 style-local-1910-c14 position-relative h-element\">\n                  <!---->\n                  <!---->\n                  <div class=\"\">\n                    <p><strong style=\"font-family: Lato;\">Her Honour, the Honourable Salma Lakhani<\/strong><span style=\"font-family: Lato;\"> was installed as Alberta\u2019s 19th Lieutenant Governor in August 2020. She was born and raised in Kampala, Uganda and pursued post-secondary studies at the University of Manchester in the UK. Her life took an unforeseen turn during a summer visit home to Kampala in 1972, when it was announced that the country\u2019s entire Asian minority population was to be expelled. Salma\u2019s parents pressed her to return immediately to England, but within three months her family would be stripped of virtually everything and Salma would be stranded in England with no funds and no valid passport. She had become a stateless person. Thankfully, Salma and her fellow exile and future husband, Zaheer Lakhani, learned their tuitions would be covered by the British government, and Salma completed her Honours degree in Clinical Biochemistry at the University of Manchester while Zaheer graduated in Medicine from the University of Leeds. In 1977, the University of Alberta accepted Zaheer\u2019s application to continue his postgraduate studies in Edmonton and the Lakhanis moved to Canada.<\/span><\/p>\n                    <p><span style=\"font-family: Lato;\">Once in Edmonton, Salma became one of the first mentors in NorQuest College\u2019s <\/span><em style=\"font-family: Lato;\">Youth in Transition<\/em><span style=\"font-family: Lato;\"> program, providing guidance for students learning English as a second or additional language, and she was a founding member of the college\u2019s \u201c1000 Women: A Million Possibilities\u201d movement. Salma has also shared her skills, energy and passion for service with the Lois Hole Hospital for Women, Kids Kottage, Sorrentino\u2019s Compassion House, the Alberta Cancer Board, the Zebra Foundation, and the Aga Khan Foundation Canada. She has further demonstrated her commitment to fostering diversity and understanding through her work as a board member of the John Humphrey Centre for Peace and Human Rights. <\/span><\/p>\n                    <p><span style=\"font-family: Lato;\">Lieutenant Governor Lakhani has received the Alberta Centennial and Queen\u2019s Diamond Jubilee Medals in recognition of her services to community and civil society. NorQuest College awarded her an Honorary Diploma in Community Services Leadership in 2019 and, upon her installation as Alberta\u2019s vice-regal representative, she became a member of the Alberta Order of Excellence and Chancellor of the Order. Her Honour is Vice-Prior of the St. John Council for Alberta and a Dame of the Order of St. John. She received an Honorary Doctor of Laws degree from the University of Alberta in 2021.<\/span><\/p>\n                    <p><span style=\"font-family: Calibri, sans-serif;\">&nbsp;<\/span><\/p>\n                    <p><strong>Chancellor Peggy Garritty <\/strong>was elected to her position at the University of Alberta in March 2020. Chancellor Garritty served as Chief Reputation and Brand Officer for ATB Financial for more than ten years, where her\n                      focuses were corporate responsibility, community engagement and investment, and program and sponsorship initiatives. Chancellor Garritty is past chair of the board for the Winspear Centre and the Edmonton Symphony Orchestra, and\n                      she now chairs the board for the Edmonton Screen Industries Office, is a member of the board for the Art Gallery of Alberta and serves as an Executive Fellow for the School of Public Policy at the University of Calgary. She previously\n                      served as a member of the Advisory Board for the Children\u2019s Wish Foundation and the Alberta Mental Health Foundation, and was a founding member of the St. Albert Community Foundation. Chancellor Garritty holds two degrees from the\n                      University of Alberta \u2013 a Bachelor of Arts (Honours) and a Master of Arts degree in Sociology. She also is a member of the Institute of Corporate Directors (ICD.D). In 2013 she was awarded a Queen\u2019s Diamond Jubilee medal.<span style=\"font-family: Times New Roman, serif;\">&nbsp;<\/span><\/p>\n                    <p>&nbsp;<\/p>\n                    <p><strong>Bill Flanagan, Ph. D. <\/strong>is the 14th President and Vice-Chancellor of the University of Alberta.&nbsp;He holds a Bachelor\u2019s degree in English and Philosophy from Carleton University, a JD from the University of Toronto, a\n                      DEA in International Economic Law from Universit\u00e9 Paris I-Sorbonne, and an LLM from Columbia University. After joining Queen\u2019s University\u2019s Faculty of Law in 1991, he concentrated his scholarly interests on corporate law, international\n                      trade law, and property law. From 2005 to 2019, Dr. Flanagan served as Queen\u2019s Dean of Law, where he oversaw the establishment of the Law faculty\u2019s PhD program, an innovative online undergraduate Certificate in Law Program, and the\n                      university\u2019s Centre for Law in the Contemporary Workplace. Dr. Flanagan was born and raised in Alberta, and so his return to his home province was a welcome and familiar change. Outside of his academic career, Dr. Flanagan is a widely-recognized\n                      supporter of HIV\/AIDS research and initiatives and he is the current chair of the Canadian Foundation for AIDS Research\u2019s National Working Group.<\/p>\n                    <p><span style=\"font-family: Times New Roman, serif;\">&nbsp;<\/span><\/p>\n                    <p><strong>Pierre-Yves Mocquais, Ph. D. <\/strong>is the current Dean of Campus St-Jean at the University of Alberta. His research has concentrated on French Canadian literature, the experiences of <em>francophonie <\/em>in minority language\n                      contexts and Francophone culture of the Canadian prairies. He has been a prolific editor of western Canadian literature collections, including <em>Langages et \u00e9critures de l\u2019exil: L\u2019ouest canadien, terre d\u2019asile, terre d\u2019exil<\/em>,\n                      published in 2018.<span style=\"font-family: Times New Roman, serif;\"> <\/span>Dr. Mocquais is a recipient of the prestigious French Order of Academic Merit, Officier dans l\u2019Ordre des Palmes acad\u00e9miques, in recognition of his contributions\n                      to research on the <em>francophonie<\/em>.<\/p>\n                    <p>&nbsp;<\/p>\n                    <p><strong>Steve Patten, Ph. D.<\/strong> was appointed Interim Dean of the Faculty of Arts at the University of Alberta in July 2020. As a Professor in the Political Science Department at the University of Alberta, he has produced extensive\n                      research on contemporary Canadian partisan conservatism and how party-oriented political ideologies shape the quality of democracies. Having received his PhD in Political Science from York University, Dean Patten has been at the\n                      University of Alberta since 2001. In 2018 he helped to establish the Signature Areas of Research and Creative Collaboration to support existing and emerging networks of interdisciplinary research across the Faculty of Arts.<\/p>\n                    <p>&nbsp;<\/p>\n                    <p>A lifelong educator, <strong>Florence Glanfield, Ph. D.<\/strong> is currently the Vice-Provost (Indigenous Programming and Research) and Professor of Mathematics Education in the Department of Secondary Education at the University of Alberta.\n                      A M\u00e9tis woman who calls northeastern Alberta her home, Dr. Glanfield has been a leader in exploring how math education is taught and experienced, and her work has been recognized with awards including the 1995 Alberta Mathematics\n                      Educator Award from the Mathematics Council of Alberta Teachers\u2019 Association, the 2017 Kay Gilliland Equity Lecture Award from the National Council of Supervisors of Mathematics, and the 2018 Special Award Recognition from the Mathematics\n                      Council of Alberta Teachers\u2019 Association. Her perspectives on the connections between Indigenous ways of knowing and learning success in the STEM fields has made her a sought-after presenter in conferences across North America. She\n                      has been with the University of Alberta since 2007.<\/p>\n                    <p>&nbsp;<\/p>\n                    <p><strong>Raymond Th\u00e9berge, Ph. D.<\/strong> took office as Commissioner of Official Languages of Canada in January 2018. Commissioner&nbsp;Th\u00e9berge holds a PhD in linguistics from McGill University in Qu\u00e9bec. He held a number of leadership\n                      positions before coming to the Office of the Commissioner of Official Languages, including President and Vice Chancellor of the Universit\u00e9 de Moncton in New Brunswick and various senior-level public servant positions in Ontario and\n                      Manitoba. He has significant experience with official language minority communities and extensive experience in academia, which have given him the opportunity to work across Canada.The Commissioner is a well-known published author\n                      on the subject of official language minority communities. Commissioner&nbsp;Th\u00e9berge has served on Boards of Directors of a number of organizations, including the Association des coll\u00e8ges et universit\u00e9s de la francophonie canadienne\n                      and the Agence universitaire de la Francophonie. He was previously Director General of the Soci\u00e9t\u00e9 franco manitobaine and President of the Centre d\u2019\u00e9tudes franco canadiennes de l\u2019Ouest.<\/p>\n                    <p>\n                      <br>\n                    <\/p>\n                  <\/div>\n                <\/div>\n              <\/div>\n            <\/div>\n          <\/div>\n        <\/div>\n      <\/div>\n    <\/div>\n  <\/div>\n<\/div>","protected":false},"excerpt":{"rendered":"<p>Opening Session Speakers Her Honour, the Honourable Salma Lakhani was installed as Alberta\u2019s 19th Lieutenant Governor in August 2020. She was born and raised in Kampala, Uganda and pursued post-secondary studies at the University of Manchester in the UK. Her life took an unforeseen turn during a summer visit home to Kampala in 1972, when [&hellip;]<\/p>\n","protected":false},"author":3,"featured_media":0,"parent":1097,"menu_order":-1,"comment_status":"closed","ping_status":"closed","template":"page-templates\/full-width-page.php","meta":{"footnotes":""},"class_list":["post-1910","page","type-page","status-publish","hentry"],"_links":{"self":[{"href":"https:\/\/m50.artsrn.ualberta.ca\/fr\/wp-json\/wp\/v2\/pages\/1910","targetHints":{"allow":["GET"]}}],"collection":[{"href":"https:\/\/m50.artsrn.ualberta.ca\/fr\/wp-json\/wp\/v2\/pages"}],"about":[{"href":"https:\/\/m50.artsrn.ualberta.ca\/fr\/wp-json\/wp\/v2\/types\/page"}],"author":[{"embeddable":true,"href":"https:\/\/m50.artsrn.ualberta.ca\/fr\/wp-json\/wp\/v2\/users\/3"}],"replies":[{"embeddable":true,"href":"https:\/\/m50.artsrn.ualberta.ca\/fr\/wp-json\/wp\/v2\/comments?post=1910"}],"version-history":[{"count":4,"href":"https:\/\/m50.artsrn.ualberta.ca\/fr\/wp-json\/wp\/v2\/pages\/1910\/revisions"}],"predecessor-version":[{"id":1935,"href":"https:\/\/m50.artsrn.ualberta.ca\/fr\/wp-json\/wp\/v2\/pages\/1910\/revisions\/1935"}],"up":[{"embeddable":true,"href":"https:\/\/m50.artsrn.ualberta.ca\/fr\/wp-json\/wp\/v2\/pages\/1097"}],"wp:attachment":[{"href":"https:\/\/m50.artsrn.ualberta.ca\/fr\/wp-json\/wp\/v2\/media?parent=1910"}],"curies":[{"name":"wp","href":"https:\/\/api.w.org\/{rel}","templated":true}]}}