{"id":1722,"date":"2021-11-02T23:05:27","date_gmt":"2021-11-02T23:05:27","guid":{"rendered":"https:\/\/m50.artsrn.ualberta.ca\/?page_id=1722"},"modified":"2022-06-23T19:50:06","modified_gmt":"2022-06-23T19:50:06","slug":"abstracts-2","status":"publish","type":"page","link":"https:\/\/m50.artsrn.ualberta.ca\/fr\/schedule\/abstracts-2\/","title":{"rendered":"Abstracts 2"},"content":{"rendered":"<div data-colibri-id=\"1722-c1\" class=\"style-1255 style-local-1722-c1 position-relative\">\n  <!---->\n  <div data-colibri-component=\"section\" data-colibri-id=\"1722-c2\" id=\"custom\" class=\"h-section h-section-global-spacing d-flex align-items-lg-center align-items-md-center align-items-center style-1256 style-local-1722-c2 position-relative\">\n    <!---->\n    <!---->\n    <div style=\"height: 100px; bottom: calc(0px);\" class=\"h-separator\">\n      <svg style=\"fill:rgb(214, 234, 242);\" xmlns=\"http:\/\/www.w3.org\/2000\/svg\" viewbox=\"0 0 1000 100\" preserveaspectratio=\"none\">\n        <path class=\"svg-white-bg\" d=\"M737.9,94.7L0,0v100h1000V0L737.9,94.7z\"><\/path>\n      <\/svg>\n    <\/div>\n    <div class=\"h-section-grid-container h-section-boxed-container\">\n      <!---->\n      <div data-colibri-id=\"1722-c3\" class=\"h-row-container gutters-row-lg-2 gutters-row-md-2 gutters-row-0 gutters-row-v-lg-2 gutters-row-v-md-2 gutters-row-v-2 style-1257 style-local-1722-c3 position-relative\">\n        <!---->\n        <div class=\"h-row justify-content-lg-center justify-content-md-center justify-content-center align-items-lg-stretch align-items-md-stretch align-items-stretch gutters-col-lg-2 gutters-col-md-2 gutters-col-0 gutters-col-v-lg-2 gutters-col-v-md-2 gutters-col-v-2\">\n          <!---->\n          <div class=\"h-column h-column-container d-flex h-col-lg-auto h-col-md-auto h-col-auto style-1258-outer style-local-1722-c4-outer\">\n            <div data-colibri-id=\"1722-c4\" class=\"d-flex h-flex-basis h-column__inner h-px-lg-2 h-px-md-2 h-px-2 v-inner-lg-2 v-inner-md-2 v-inner-2 style-1258 style-local-1722-c4 position-relative\">\n              <!---->\n              <!---->\n              <div class=\"w-100 h-y-container h-column__content h-column__v-align flex-basis-100 align-self-lg-start align-self-md-start align-self-start\">\n                <!---->\n                <div data-colibri-id=\"1722-c5\" class=\"style-1259 style-local-1722-c5 position-relative h-element\">\n                  <!---->\n                <\/div>\n              <\/div>\n            <\/div>\n          <\/div>\n        <\/div>\n      <\/div>\n    <\/div>\n  <\/div>\n  <div data-colibri-component=\"section\" data-colibri-id=\"1722-c6\" id=\"custom-4\" class=\"h-section h-section-global-spacing d-flex align-items-lg-center align-items-md-center align-items-center style-1271 style-local-1722-c6 position-relative\">\n    <!---->\n    <!---->\n    <div class=\"h-section-grid-container h-section-boxed-container\">\n      <!---->\n      <div data-colibri-id=\"1722-c7\" class=\"h-row-container gutters-row-lg-2 gutters-row-md-2 gutters-row-0 gutters-row-v-lg-2 gutters-row-v-md-2 gutters-row-v-2 style-1275 style-local-1722-c7 position-relative\">\n        <!---->\n        <div class=\"h-row justify-content-lg-center justify-content-md-center justify-content-center align-items-lg-stretch align-items-md-stretch align-items-stretch gutters-col-lg-2 gutters-col-md-2 gutters-col-0 gutters-col-v-lg-2 gutters-col-v-md-2 gutters-col-v-2\">\n          <!---->\n          <div class=\"h-column h-column-container d-flex h-col-lg-auto h-col-md-auto h-col-auto style-1276-outer style-local-1722-c8-outer\">\n            <div data-colibri-id=\"1722-c8\" class=\"d-flex h-flex-basis h-column__inner h-px-lg-2 h-px-md-2 h-px-2 v-inner-lg-2 v-inner-md-2 v-inner-2 style-1276 style-local-1722-c8 position-relative\">\n              <!---->\n              <!---->\n              <div class=\"w-100 h-y-container h-column__content h-column__v-align flex-basis-100 align-self-lg-start align-self-md-start align-self-start\">\n                <!---->\n                <div data-colibri-id=\"1722-c9\" class=\"h-text h-text-component style-1277 style-local-1722-c9 position-relative h-element\">\n                  <!---->\n                  <!---->\n                  <div class=\"\">\n                    <p><span style=\"font-size: 124%;\">Session 2: Our Collective &amp; Tangible Hisotry(ies)<\/span>\n                      <br>\n                    <\/p>\n                  <\/div>\n                <\/div>\n              <\/div>\n            <\/div>\n          <\/div>\n        <\/div>\n      <\/div>\n      <div data-colibri-id=\"1722-c10\" class=\"h-row-container gutters-row-lg-2 gutters-row-md-2 gutters-row-0 gutters-row-v-lg-2 gutters-row-v-md-2 gutters-row-v-2 style-1272 style-local-1722-c10 position-relative\">\n        <!---->\n        <div class=\"h-row justify-content-lg-center justify-content-md-center justify-content-center align-items-lg-stretch align-items-md-stretch align-items-stretch gutters-col-lg-2 gutters-col-md-2 gutters-col-0 gutters-col-v-lg-2 gutters-col-v-md-2 gutters-col-v-2\">\n          <!---->\n          <div class=\"h-column h-column-container d-flex h-col-lg-auto h-col-md-auto h-col-auto style-1273-outer style-local-1722-c11-outer\">\n            <div data-colibri-id=\"1722-c11\" class=\"d-flex h-flex-basis h-column__inner h-px-lg-2 h-px-md-2 h-px-2 v-inner-lg-2 v-inner-md-2 v-inner-2 style-1273 style-local-1722-c11 position-relative\">\n              <!---->\n              <!---->\n              <div class=\"w-100 h-y-container h-column__content h-column__v-align flex-basis-100 align-self-lg-start align-self-md-start align-self-start\">\n                <!---->\n                <div data-colibri-id=\"1722-c12\" class=\"h-text h-text-component style-1274 style-local-1722-c12 position-relative h-element\">\n                  <!---->\n                  <!---->\n                  <div class=\"\">\n                    <p><span style=\"font-weight: 400; color: rgb(7, 7, 7); font-size: 101%;\">Quelle histoire pour quel Canada?<\/span><\/p>\n                    <p><em style=\"font-weight: 300; color: rgb(7, 7, 7); font-size: 90%;\">Jocelyn L\u00e9tourneau, Ph. D.<\/em><span style=\"font-weight: 300; color: rgb(7, 7, 7); font-size: 90%;\"><br><\/span><\/p>\n                    <p><span style=\"font-weight: 300; color: rgb(7, 7, 7); font-size: 90%;\">Penser le Canada dans sa <\/span><em style=\"font-weight: 300; color: rgb(7, 7, 7); font-size: 90%;\">diversit\u00e9<\/em><span style=\"font-weight: 300; color: rgb(7, 7, 7); font-size: 90%;\"> historique \u2014 un ingr\u00e9dient fondamental \u00e0 la poutine du pays \u2014 c\u2019est se situer au c\u0153ur des possibilit\u00e9s (souvent surestim\u00e9es), mais aussi des difficult\u00e9s (la plupart du temps sous-\u00e9valu\u00e9es), relatives \u00e0 la construction du vivre-ensemble canadien (ou kanadien?). Le concept de multiculturalisme et la repr\u00e9sentation qu\u2019ils sugg\u00e8rent sont-ils ad\u00e9quats pour saisir l\u2019exp\u00e9rience nationale du pays dans la complexit\u00e9 et la v\u00e9rit\u00e9 de ce qu\u2019elles ont \u00e9t\u00e9 ? Ce concept et cette repr\u00e9sentation sont-ils utiles pour permettre aux Canadiens (Kanadiens ?) de passer \u00e0 l\u2019avenir sur un mode porteur ?<\/span><\/p>\n                    <p><em style=\"font-weight: 300; color: rgb(7, 7, 7); font-size: 75%;\">Note: This presentation will be conducted in French with English-language simultaneous interpretation.<\/em><span style=\"font-weight: 300; color: rgb(7, 7, 7); font-size: 90%;\"><br><\/span><\/p>\n                    <p>\n                      <br>\n                    <\/p>\n                    <p><strong style=\"color: rgb(8, 8, 8); font-weight: 400; font-size: 81%; font-family: Lato;\">Jocelyn L\u00e9tourneau, Ph. D.<\/strong><strong style=\"color: rgb(8, 8, 8); font-weight: 300; font-size: 81%; font-family: Lato;\"> <\/strong><span style=\"color: rgb(8, 8, 8); font-weight: 300; font-size: 81%; font-family: Lato;\">is a Professor of History at Laval University, where he has been Canada Research Chair in Qu\u00e9bec&nbsp;Contemporary History. A fellow of the Institute for Advanced Study at Princeton University and the Royal Society of Canada since 2005, Dr. L\u00e9tourneau received the Trudeau Foundation\u2019s research prize in 2006. In 2018 he was awarded&nbsp;the Andr\u00e9-Laurendeau Prize for his&nbsp;overall contribution to the field of humanities. He was the principal investigator in a SHRCC-funded Community-University Research Alliance (<\/span>\n                      <em\n                        style=\"color: rgb(8, 8, 8); font-weight: 300; font-size: 81%; font-family: Lato;\">(Les canadiens et leur pass\u00e9).<\/em><span style=\"color: rgb(8, 8, 8); font-weight: 300; font-size: 81%; font-family: Lato;\">). In 2010, he was a Fulbright scholar at both UC Berkeley and Stanford University and, in 2015, a Visiting Research Associate at UCL-Institute of Education. In 2019\/20, he held the Fulbright Canada Distinguished Chair in International and Area Studies at Yale University\u2019s MacMillan Center.<\/span>\n                        <span\n                          style=\"font-size: 12pt; font-family: Times New Roman, serif;\">&nbsp;<\/span>\n                    <\/p>\n                  <\/div>\n                <\/div>\n              <\/div>\n            <\/div>\n          <\/div>\n        <\/div>\n      <\/div>\n    <\/div>\n  <\/div>\n  <div data-colibri-component=\"section\" data-colibri-id=\"1722-c13\" id=\"custom-3\" class=\"h-section h-section-global-spacing d-flex align-items-lg-center align-items-md-center align-items-center style-1267 style-local-1722-c13 position-relative\">\n    <!---->\n    <!---->\n    <div class=\"h-section-grid-container h-section-boxed-container\">\n      <!---->\n      <div data-colibri-id=\"1722-c14\" class=\"h-row-container gutters-row-lg-2 gutters-row-md-2 gutters-row-0 gutters-row-v-lg-2 gutters-row-v-md-2 gutters-row-v-2 style-1268 style-local-1722-c14 position-relative\">\n        <!---->\n        <div class=\"h-row justify-content-lg-center justify-content-md-center justify-content-center align-items-lg-stretch align-items-md-stretch align-items-stretch gutters-col-lg-2 gutters-col-md-2 gutters-col-0 gutters-col-v-lg-2 gutters-col-v-md-2 gutters-col-v-2\">\n          <!---->\n          <div class=\"h-column h-column-container d-flex h-col-lg-auto h-col-md-auto h-col-auto style-1269-outer style-local-1722-c15-outer\">\n            <div data-colibri-id=\"1722-c15\" class=\"d-flex h-flex-basis h-column__inner h-px-lg-2 h-px-md-2 h-px-2 v-inner-lg-2 v-inner-md-2 v-inner-2 style-1269 style-local-1722-c15 position-relative\">\n              <!---->\n              <!---->\n              <div class=\"w-100 h-y-container h-column__content h-column__v-align flex-basis-100 align-self-lg-start align-self-md-start align-self-start\">\n                <!---->\n                <div data-colibri-id=\"1722-c16\" class=\"h-text h-text-component style-1270 style-local-1722-c16 position-relative h-element\">\n                  <!---->\n                  <!---->\n                  <div class=\"\">\n                    <p><span style=\"color: rgb(3, 3, 3);\">How Bison are Leading the Way for Reconciliation: The story of Wanuskewin&#8217;s bison<\/span><\/p>\n                    <p><em style=\"font-size: 90%; font-weight: 300; color: rgb(8, 8, 8);\">Darlene Brander<\/em><\/p>\n                    <p><span style=\"font-size: 90%; font-weight: 300; font-family: Lato; color: rgb(8, 8, 8);\">Wanuskewin CEO Darlene Brander takes us through the story of how their bison herd came to be on Indigenous sacred land.&nbsp;This epic Canadian story starts off with a vision from the park\u2019s original elders 40 years ago.&nbsp;&nbsp;Today the herd is 18 strong.&nbsp;Since the arrival of the bison in 2019, many impacts have been made and felt by Indigenous and non Indigenous peoples alike.&nbsp;&nbsp;Ms. Brander will provide her perspective as a First Nations women of how bison contribute towards reconciliation by facilitated discussions, education and healing at Wanuskewin.&nbsp;<\/span><\/p>\n                    <p>\n                      <br>\n                    <\/p>\n                    <p><span style=\"font-size: 81%; color: rgb(7, 7, 7); font-weight: 400;\">Darlene Brander<\/span><span style=\"font-size: 81%; color: rgb(7, 7, 7); font-weight: 300;\"> is the Chief Executive Officer of Wanuskewin Heritage Park, an internationally-acclaimed northern plains Indigenous interpretive site just outside Saskatoon that is currently being considered for UNESCO World Heritage Site status. Ms. Brander oversees all of Wanuskewin\u2019s operations including overseeing the execution of Wanuskewin\u2019s four pillars. Darlene worked at Wanuskewin from 1998 to 2000, where she was an Aboriginal Awareness Education Manager. Since that time, her 18-year career has included progressively responsible positions with not-for-profit organizations, gaming institutions, municipal governments and First Nations organizations.&nbsp;The return to the park, in the CEO capacity, allows Ms. Brander to honour Wanuskewin\u2019s past, thrive in the present, and realize its future. A Band Member of the Red Earth Cree First Nation, Darlene holds a B.Ed. from the University of Saskatchewan, as well as a Chartered Professional in Human Resources designation.&nbsp;An active community member, Ms. Brander sits on several boards including Tourism Saskatoon and Hospitality Saskatchewan.&nbsp;<\/span><\/p>\n                  <\/div>\n                <\/div>\n                <div data-colibri-id=\"1722-c25\" class=\"h-x-container style-1510 style-local-1722-c25 position-relative h-element\">\n                  <!---->\n                  <div class=\"h-x-container-inner style-dynamic-1722-c25-group style-1510-spacing style-local-1722-c25-spacing\"><span class=\"h-button__outer style-1511-outer style-local-1722-c26-outer d-inline-flex h-element\"><a h-use-smooth-scroll=\"true\" href=\"https:\/\/vimeo.com\/658242555?embedded=false&amp;source=vimeo_logo&amp;owner=6822605\"  data-colibri-id=\"1722-c26\" class=\"d-flex w-100 align-items-center h-button justify-content-lg-center justify-content-md-center justify-content-center style-1511 style-local-1722-c26 position-relative\"><!----><!----> <span>Watch Presentation<\/span><\/a>\n                    <\/span>\n                  <\/div>\n                <\/div>\n              <\/div>\n            <\/div>\n          <\/div>\n        <\/div>\n      <\/div>\n    <\/div>\n  <\/div>\n  <div data-colibri-component=\"section\" data-colibri-id=\"1722-c17\" id=\"custom-2\" class=\"h-section h-section-global-spacing d-flex align-items-lg-center align-items-md-center align-items-center style-1260 style-local-1722-c17 position-relative\">\n    <!---->\n    <!---->\n    <div class=\"h-section-grid-container h-section-boxed-container\">\n      <!---->\n      <div data-colibri-id=\"1722-c18\" class=\"h-row-container gutters-row-lg-2 gutters-row-md-2 gutters-row-0 gutters-row-v-lg-2 gutters-row-v-md-2 gutters-row-v-2 style-1261 style-local-1722-c18 position-relative\">\n        <!---->\n        <div class=\"h-row justify-content-lg-center justify-content-md-center justify-content-center align-items-lg-stretch align-items-md-stretch align-items-stretch gutters-col-lg-2 gutters-col-md-2 gutters-col-0 gutters-col-v-lg-2 gutters-col-v-md-2 gutters-col-v-2\">\n          <!---->\n          <div class=\"h-column h-column-container d-flex h-col-lg-auto h-col-md-auto h-col-auto style-1262-outer style-local-1722-c19-outer\">\n            <div data-colibri-id=\"1722-c19\" class=\"d-flex h-flex-basis h-column__inner h-px-lg-2 h-px-md-2 h-px-2 v-inner-lg-2 v-inner-md-2 v-inner-2 style-1262 style-local-1722-c19 position-relative\">\n              <!---->\n              <!---->\n              <div class=\"w-100 h-y-container h-column__content h-column__v-align flex-basis-100 align-self-lg-start align-self-md-start align-self-start\">\n                <!---->\n                <div data-colibri-id=\"1722-c20\" class=\"h-text h-text-component style-1263 style-local-1722-c20 position-relative h-element\">\n                  <!---->\n                  <!---->\n                  <div class=\"\">\n                    <p><span style=\"font-weight: 400; font-size: 101%; color: rgb(8, 8, 8);\">Entre le multiculturalisme, le cosmopolitanisme et l\u2019homog\u00e9n\u00e9it\u00e9: Situer l\u2019identit\u00e9 canadienne au Mus\u00e9e royal de l\u2019Ontario<\/span><\/p>\n                    <p><em style=\"font-weight: 300; font-size: 90%; color: rgb(8, 8, 8);\">Umbrin Bukan<\/em><span style=\"font-weight: 300; font-size: 90%; color: rgb(8, 8, 8);\"><br><\/span><\/p>\n                    <p><span style=\"font-weight: 300; font-size: 90%; color: rgb(8, 8, 8);\">This presentation will discuss the representation of multiculturalism in the Royal Ontario Museum (ROM). While Canada&#8217;s national museums deliberately narrate a representation of Canadian national history and identity aligned with its official policy of multiculturalism, the ROM is a mixed museum that is primarily concerned with showcasing &#8220;art, culture, and nature from around the world and across the ages&#8221; (ROM.on.ca). Although there is not a concerted and salient effort to display Canada&#8217;s official national identity narrative in the ROM, unlike in Canadian national museums, there is nonetheless an effective presentation of Canadian national identity necessarily at play and on display in the museum in its effort to situate itself globally and within a specific world history. The presentation will discuss the tensions in this representation where the museum aims to both acknowledge and represent the plurality of Canada, yet it remains necessarily attached to the dominant narrative of multiculturalism that is grounded in Anglo-Canadian identity. <\/span><\/p>\n                    <p>\n                      <br>\n                    <\/p>\n                    <p><span style=\"color: rgb(9, 9, 9); font-weight: 400; font-size: 81%;\">Umbrin Bukan<\/span><span style=\"color: rgb(9, 9, 9); font-weight: 300; font-size: 81%;\"> is a PhD student in the Social and Political Thought programme at York University in Toronto. Her research interests include comparative politics, international relations, nation building, and nationalism and museums. Her dissertation explores nationalism in Canadian and Egyptian museums, particularly the Royal Ontario Museum and the Grand Egyptian Museum.<\/span><\/p>\n                  <\/div>\n                <\/div>\n              <\/div>\n            <\/div>\n          <\/div>\n        <\/div>\n      <\/div>\n      <div data-colibri-id=\"1722-c21\" class=\"h-row-container gutters-row-lg-2 gutters-row-md-2 gutters-row-0 gutters-row-v-lg-2 gutters-row-v-md-2 gutters-row-v-2 style-1506 style-local-1722-c21 position-relative\">\n        <!---->\n        <div class=\"h-row justify-content-lg-center justify-content-md-center justify-content-center align-items-lg-stretch align-items-md-stretch align-items-stretch gutters-col-lg-2 gutters-col-md-2 gutters-col-0 gutters-col-v-lg-2 gutters-col-v-md-2 gutters-col-v-2\">\n          <!---->\n          <div class=\"h-column h-column-container d-flex h-col-lg-auto h-col-md-auto h-col-auto style-1507-outer style-local-1722-c22-outer\">\n            <div data-colibri-id=\"1722-c22\" class=\"d-flex h-flex-basis h-column__inner h-px-lg-2 h-px-md-2 h-px-2 v-inner-lg-2 v-inner-md-2 v-inner-2 style-1507 style-local-1722-c22 position-relative\">\n              <!---->\n              <!---->\n              <div class=\"w-100 h-y-container h-column__content h-column__v-align flex-basis-100 align-self-lg-start align-self-md-start align-self-start\">\n                <!---->\n                <div data-colibri-id=\"1722-c23\" class=\"h-x-container style-1508 style-local-1722-c23 position-relative h-element\">\n                  <!---->\n                  <div class=\"h-x-container-inner style-dynamic-1722-c23-group style-1508-spacing style-local-1722-c23-spacing\"><span class=\"h-button__outer style-1509-outer style-local-1722-c24-outer d-inline-flex h-element\"><a h-use-smooth-scroll=\"true\" href=\"https:\/\/vimeo.com\/658243289?embedded=false&amp;source=vimeo_logo&amp;owner=6822605\"  data-colibri-id=\"1722-c24\" class=\"d-flex w-100 align-items-center h-button justify-content-lg-center justify-content-md-center justify-content-center style-1509 style-local-1722-c24 position-relative\"><!----><!----> <span>Watch Presentation<\/span><\/a>\n                    <\/span>\n                  <\/div>\n                <\/div>\n              <\/div>\n            <\/div>\n          <\/div>\n        <\/div>\n      <\/div>\n    <\/div>\n  <\/div>\n<\/div>","protected":false},"excerpt":{"rendered":"<p>Session 2: Our Collective &amp; Tangible Hisotry(ies) What history for which Canada? Quelle histoire pour quel Canada? Dr. Jocelyn L\u00e9tourneau Penser le Canada dans sa diversit\u00e9 historique \u2014 un ingr\u00e9dient fondamental \u00e0 la poutine du pays \u2014 c\u2019est se situer au c\u0153ur des possibilit\u00e9s (souvent surestim\u00e9es), mais aussi des difficult\u00e9s (la plupart du temps sous-\u00e9valu\u00e9es), [&hellip;]<\/p>\n","protected":false},"author":3,"featured_media":0,"parent":1097,"menu_order":-2,"comment_status":"closed","ping_status":"closed","template":"page-templates\/full-width-page.php","meta":{"footnotes":""},"class_list":["post-1722","page","type-page","status-publish","hentry"],"_links":{"self":[{"href":"https:\/\/m50.artsrn.ualberta.ca\/fr\/wp-json\/wp\/v2\/pages\/1722","targetHints":{"allow":["GET"]}}],"collection":[{"href":"https:\/\/m50.artsrn.ualberta.ca\/fr\/wp-json\/wp\/v2\/pages"}],"about":[{"href":"https:\/\/m50.artsrn.ualberta.ca\/fr\/wp-json\/wp\/v2\/types\/page"}],"author":[{"embeddable":true,"href":"https:\/\/m50.artsrn.ualberta.ca\/fr\/wp-json\/wp\/v2\/users\/3"}],"replies":[{"embeddable":true,"href":"https:\/\/m50.artsrn.ualberta.ca\/fr\/wp-json\/wp\/v2\/comments?post=1722"}],"version-history":[{"count":14,"href":"https:\/\/m50.artsrn.ualberta.ca\/fr\/wp-json\/wp\/v2\/pages\/1722\/revisions"}],"predecessor-version":[{"id":2638,"href":"https:\/\/m50.artsrn.ualberta.ca\/fr\/wp-json\/wp\/v2\/pages\/1722\/revisions\/2638"}],"up":[{"embeddable":true,"href":"https:\/\/m50.artsrn.ualberta.ca\/fr\/wp-json\/wp\/v2\/pages\/1097"}],"wp:attachment":[{"href":"https:\/\/m50.artsrn.ualberta.ca\/fr\/wp-json\/wp\/v2\/media?parent=1722"}],"curies":[{"name":"wp","href":"https:\/\/api.w.org\/{rel}","templated":true}]}}