{"id":1712,"date":"2021-11-02T22:30:34","date_gmt":"2021-11-02T22:30:34","guid":{"rendered":"https:\/\/m50.artsrn.ualberta.ca\/?page_id=1712"},"modified":"2022-06-23T19:42:22","modified_gmt":"2022-06-23T19:42:22","slug":"abstracts-1","status":"publish","type":"page","link":"https:\/\/m50.artsrn.ualberta.ca\/fr\/schedule\/abstracts-1\/","title":{"rendered":"Schedule &#8211; Abstracts"},"content":{"rendered":"<div data-colibri-id=\"1712-c1\" class=\"style-1237 style-local-1712-c1 position-relative\">\n  <!---->\n  <div data-colibri-component=\"section\" data-colibri-id=\"1712-c2\" id=\"custom\" class=\"h-section h-section-global-spacing d-flex align-items-lg-center align-items-md-center align-items-center style-1238 style-local-1712-c2 position-relative\">\n    <!---->\n    <div style=\"height: 209px; top: calc(0px);\" class=\"h-separator\">\n      <svg style=\"fill:rgb(214, 234, 242);\" xmlns=\"http:\/\/www.w3.org\/2000\/svg\" viewbox=\"0 0 1000 100\" preserveaspectratio=\"none\">\n        <path class=\"svg-white-bg\" d=\"M738,99l262-93V0H0v5.6L738,99z\"><\/path>\n      <\/svg>\n    <\/div>\n    <div class=\"h-section-grid-container h-section-boxed-container\">\n      <!---->\n      <div data-colibri-id=\"1712-c3\" class=\"h-row-container gutters-row-lg-2 gutters-row-md-2 gutters-row-0 gutters-row-v-lg-2 gutters-row-v-md-2 gutters-row-v-2 style-1241 style-local-1712-c3 position-relative\">\n        <!---->\n        <div class=\"h-row justify-content-lg-center justify-content-md-center justify-content-center align-items-lg-stretch align-items-md-stretch align-items-stretch gutters-col-lg-2 gutters-col-md-2 gutters-col-0 gutters-col-v-lg-2 gutters-col-v-md-2 gutters-col-v-2\">\n          <!---->\n          <div class=\"h-column h-column-container d-flex h-col-lg-auto h-col-md-auto h-col-auto style-1242-outer style-local-1712-c4-outer\">\n            <div data-colibri-id=\"1712-c4\" class=\"d-flex h-flex-basis h-column__inner h-px-lg-2 h-px-md-2 h-px-2 v-inner-lg-2 v-inner-md-2 v-inner-2 style-1242 style-local-1712-c4 position-relative\">\n              <!---->\n              <!---->\n              <div class=\"w-100 h-y-container h-column__content h-column__v-align flex-basis-100 align-self-lg-start align-self-md-start align-self-start\">\n                <!---->\n                <div data-colibri-id=\"1712-c5\" class=\"style-1278 style-local-1712-c5 position-relative h-element\">\n                  <!---->\n                <\/div>\n                <div data-colibri-id=\"1712-c6\" class=\"h-text h-text-component style-1254 style-local-1712-c6 position-relative h-element\">\n                  <!---->\n                  <!---->\n                  <div class=\"\">\n                    <p><span style=\"font-size: 124%;\">Session 1: Embarquement sur la voie d\u2019un meilleur multiculturalisme<\/span>\n                      <br>\n                    <\/p>\n                  <\/div>\n                <\/div>\n              <\/div>\n            <\/div>\n          <\/div>\n        <\/div>\n      <\/div>\n      <div data-colibri-id=\"1712-c7\" class=\"h-row-container gutters-row-lg-2 gutters-row-md-2 gutters-row-0 gutters-row-v-lg-2 gutters-row-v-md-2 gutters-row-v-2 style-1239 style-local-1712-c7 position-relative\">\n        <!---->\n        <div class=\"h-row justify-content-lg-center justify-content-md-center justify-content-center align-items-lg-stretch align-items-md-stretch align-items-stretch gutters-col-lg-2 gutters-col-md-2 gutters-col-0 gutters-col-v-lg-2 gutters-col-v-md-2 gutters-col-v-2\">\n          <!---->\n          <div class=\"h-column h-column-container d-flex h-col-lg-auto h-col-md-auto h-col-auto style-1240-outer style-local-1712-c8-outer\">\n            <div data-colibri-id=\"1712-c8\" class=\"d-flex h-flex-basis h-column__inner h-px-lg-2 h-px-md-2 h-px-2 v-inner-lg-2 v-inner-md-2 v-inner-2 style-1240 style-local-1712-c8 position-relative\">\n              <!---->\n              <!---->\n              <div class=\"w-100 h-y-container h-column__content h-column__v-align flex-basis-100 align-self-lg-start align-self-md-start align-self-start\">\n                <!---->\n                <div data-colibri-id=\"1712-c9\" class=\"h-text h-text-component style-1244 style-local-1712-c9 position-relative h-element\">\n                  <!---->\n                  <!---->\n                  <div class=\"\">\n                    <p><span style=\"font-size: 101%; font-family: Lato; color: rgb(4, 4, 4); font-weight: 400;\">Inuit dans un Canada multiculturel: D\u00e9mocratie sans honneur, r\u00e9sultats d\u00e9shonorants<\/span><\/p>\n                    <p><em style=\"font-size: 90%; font-family: Lato; color: rgb(4, 4, 4); font-weight: 300;\">Karla Jessen Williamson, Ph. D.<\/em><span style=\"font-size: 90%; font-family: Lato; color: rgb(4, 4, 4); font-weight: 300;\"><br><\/span><\/p>\n                    <p><span style=\"font-size: 90%; font-family: Lato; color: rgb(4, 4, 4); font-weight: 300;\">This presentation starts off with an Inuit creation story on how the <\/span><em style=\"font-size: 90%; font-family: Lato; color: rgb(4, 4, 4); font-weight: 300;\">aningaaq<\/em>\n                      <span\n                        style=\"font-size: 90%; font-family: Lato; color: rgb(4, 4, 4); font-weight: 300;\">\/moon and <\/span><em style=\"font-size: 90%; font-family: Lato; color: rgb(4, 4, 4); font-weight: 300;\">seqineq<\/em><span style=\"font-size: 90%; font-family: Lato; color: rgb(4, 4, 4); font-weight: 300;\">\/sun became. The ancient story is weaved in and out addressing the terms \u201cIndigeneity\u201d as defined by the United Nations while problematizing the meaning and processes of \u201cdemocracy\u201d in relation to Inuit access to Canadian political power. Statistical information indicates that Inuit in multicultural Canadian settings are consistently denied equal social standing compared to settler\/immigrant Canadians. The inequality is deeply entrenched among the settler\/immigrants Canadians who access the resources as the electoral majority, seemingly incapable of sharing resources with the original inhabitants. This reality calls for redefinition of democracy in ways that befit the aspirations of Inuit and other Indigenous peoples. Treaties, land scripts and land claims, each explicitly desired good well between the crown and the sovereign peoples. Their sentiment must be an integral part of a unique \u2018Canadian democracy\u2019 that is well grounded on lands given by original inhabitants to meet Canada\u2019s Truth and Reconciliation.&nbsp;<\/span><\/p>\n                    <p>\n                      <br>\n                    <\/p>\n                    <p><strong style=\"font-family: Lato; font-size: 81%; font-weight: 400; color: rgb(8, 8, 8);\">Karla Jessen Williamson, Ph. D.<\/strong><strong style=\"font-family: Lato; font-size: 81%; font-weight: 300; color: rgb(8, 8, 8);\"> <\/strong>\n                      <span\n                        style=\"font-family: Lato; font-weight: 300; font-size: 81%; color: rgb(8, 8, 8);\">is an Assistant Professor at Educational Foundations, University of Saskatchewan. She is a kalaaleq, an Inuk born in Appamiut, western coast of Greenland, and grew up in Maniitsoq. She speaks her Inuktut dialect fully as she was\n                        totally immersed into the worldview of the Inuit. As a matriarch she has two adult children and three grandchildren. The latter are fluent speakers of their grandmother\u2019s Inuktut language while growing up in Iqaluit, Nunavut. As\n                        an Indigenous researcher she focuses on the well being of Indigenous children, their families and communities, and always looks for ways in which the aspirations for their autonomous rights are materialized. She speaks and writes\n                        about Indigenous paradigms and philosophies and remains committed to making contributions to Indigenous ancestors\u2019 insights into humanity. Karla is well appreciated locally, nationally and internationally and involved in significant\n                        bodies nationally and internationally emphasizing decolonization processes. She is also an accomplished poet.<\/span>\n                    <\/p>\n                  <\/div>\n                <\/div>\n              <\/div>\n            <\/div>\n          <\/div>\n        <\/div>\n      <\/div>\n      <div data-colibri-id=\"1712-c10\" class=\"h-row-container gutters-row-lg-2 gutters-row-md-2 gutters-row-0 gutters-row-v-lg-2 gutters-row-v-md-2 gutters-row-v-2 style-1494 style-local-1712-c10 position-relative\">\n        <!---->\n        <div class=\"h-row justify-content-lg-center justify-content-md-center justify-content-center align-items-lg-stretch align-items-md-stretch align-items-stretch gutters-col-lg-2 gutters-col-md-2 gutters-col-0 gutters-col-v-lg-2 gutters-col-v-md-2 gutters-col-v-2\">\n          <!---->\n          <div class=\"h-column h-column-container d-flex h-col-lg-auto h-col-md-auto h-col-auto style-1495-outer style-local-1712-c11-outer\">\n            <div data-colibri-id=\"1712-c11\" class=\"d-flex h-flex-basis h-column__inner h-px-lg-2 h-px-md-2 h-px-2 v-inner-lg-2 v-inner-md-2 v-inner-2 style-1495 style-local-1712-c11 position-relative\">\n              <!---->\n              <!---->\n              <div class=\"w-100 h-y-container h-column__content h-column__v-align flex-basis-100 align-self-lg-start align-self-md-start align-self-start\">\n                <!---->\n                <div data-colibri-id=\"1712-c12\" class=\"h-x-container style-1496 style-local-1712-c12 position-relative h-element\">\n                  <!---->\n                  <div class=\"h-x-container-inner style-dynamic-1712-c12-group style-1496-spacing style-local-1712-c12-spacing\"><span class=\"h-button__outer style-1497-outer style-local-1712-c13-outer d-inline-flex h-element\"><a h-use-smooth-scroll=\"true\" href=\"https:\/\/vimeo.com\/658674580?embedded=false&amp;source=vimeo_logo&amp;owner=6822605\"  data-colibri-id=\"1712-c13\" class=\"d-flex w-100 align-items-center h-button justify-content-lg-center justify-content-md-center justify-content-center style-1497 style-local-1712-c13 position-relative\"><!----><!----> <span>Watch Presentation<\/span><\/a>\n                    <\/span>\n                  <\/div>\n                <\/div>\n              <\/div>\n            <\/div>\n          <\/div>\n        <\/div>\n      <\/div>\n    <\/div>\n  <\/div>\n  <div data-colibri-component=\"section\" data-colibri-id=\"1712-c14\" id=\"custom-2\" class=\"h-section h-section-global-spacing d-flex align-items-lg-center align-items-md-center align-items-center style-1245 style-local-1712-c14 position-relative\">\n    <!---->\n    <!---->\n    <div class=\"h-section-grid-container h-section-boxed-container\">\n      <!---->\n      <div data-colibri-id=\"1712-c15\" class=\"h-row-container gutters-row-lg-2 gutters-row-md-2 gutters-row-0 gutters-row-v-lg-2 gutters-row-v-md-2 gutters-row-v-2 style-1246 style-local-1712-c15 position-relative\">\n        <!---->\n        <div class=\"h-row justify-content-lg-center justify-content-md-center justify-content-center align-items-lg-stretch align-items-md-stretch align-items-stretch gutters-col-lg-2 gutters-col-md-2 gutters-col-0 gutters-col-v-lg-2 gutters-col-v-md-2 gutters-col-v-2\">\n          <!---->\n          <div class=\"h-column h-column-container d-flex h-col-lg-auto h-col-md-auto h-col-auto style-1247-outer style-local-1712-c16-outer\">\n            <div data-colibri-id=\"1712-c16\" class=\"d-flex h-flex-basis h-column__inner h-px-lg-2 h-px-md-2 h-px-2 v-inner-lg-2 v-inner-md-2 v-inner-2 style-1247 style-local-1712-c16 position-relative\">\n              <!---->\n              <!---->\n              <div class=\"w-100 h-y-container h-column__content h-column__v-align flex-basis-100 align-self-lg-start align-self-md-start align-self-start\">\n                <!---->\n                <div data-colibri-id=\"1712-c17\" class=\"h-text h-text-component style-1251 style-local-1712-c17 position-relative h-element\">\n                  <!---->\n                  <!---->\n                  <div class=\"\">\n                    <p><span style=\"font-weight: 400; color: rgb(0, 0, 0); font-family: Lato; font-size: 101%;\">Nunangat au Canada: Acculturation et identit\u00e9 Inuit dans une structure multiculturelle<\/span><\/p>\n                    <p><em style=\"font-weight: 300; color: rgb(0, 0, 0); font-family: Lato; font-size: 90%;\">Rita Nandori<\/em><span style=\"font-weight: 300; color: rgb(0, 0, 0); font-family: Lato; font-size: 90%;\"><br><\/span><\/p>\n                    <p><span style=\"font-weight: 300; color: rgb(0, 0, 0); font-family: Lato; font-size: 90%;\">This presentation will address the complex issues regarding multiculturalism and Indigeneity, and what it means to be Inuit in Canada and share a national identity with a culturally diverse population. By exploring how acculturation affects lifestyle, customs, language, and literature, the shift in Inuit cultural identity within the fabric of the Canadian multicultural ethos will be assessed. As an investigative tool, Berry\u2019s model has been employed to consider the impact of acculturation and examine if a composite Canadian identity can emerge, and the role of territoriality in establishing and asserting cultural identity will also be explored. Through a survey completed by Inuit education professionals, the possibility of further amending the K-12 school curriculum in order to foster the formation of cultural identity will be considered. Finally,&nbsp;some crucial issues regarding the compatibility of multiculturalism and Indigenous issues will be addressed in the prominent featuring of Inuit intellectual culture in school curriculum.<\/span><\/p>\n                    <p>\n                      <br>\n                    <\/p>\n                    <p><strong style=\"font-weight: 400; color: rgb(0, 0, 0); font-family: Lato; font-size: 81%;\">Rita Nandori<\/strong><span style=\"font-weight: 300; color: rgb(0, 0, 0); font-family: Lato; font-size: 81%;\"> is a part-time instructor in the Department of North American Studies and the Institute of English and American Studies, both at the University of Debrecen in Debrecen, Hungary. Having completed her studies at UBC, she became interested in Inuit storytelling after an extended stay in Nunavut working as a teacher. She is now pursuing a PhD in Canadian Studies at the University of Debrecen, focusing on Inuit intellectual culture and specifically on the significance of homeland, traditions and identity in Inuit poetry. Her scholarly articles have been published, among others, in the Central European Journal of Canadian Studies and the Hungarian Journal of English and American Studies, and she is a member of the Central European Association for Canadian Studies. As a Hungarian-born Canadian, she researches the field of Inuit studies with utmost empathy, respect and care.<\/span><\/p>\n                    <p><span style=\"font-weight: 400; color: rgb(0, 0, 0); font-family: Times, serif; font-size: 12pt;\"> <\/span><\/p>\n                  <\/div>\n                <\/div>\n              <\/div>\n            <\/div>\n          <\/div>\n        <\/div>\n      <\/div>\n      <div data-colibri-id=\"1712-c18\" class=\"h-row-container gutters-row-lg-2 gutters-row-md-2 gutters-row-0 gutters-row-v-lg-2 gutters-row-v-md-2 gutters-row-v-2 style-1498 style-local-1712-c18 position-relative\">\n        <!---->\n        <div class=\"h-row justify-content-lg-center justify-content-md-center justify-content-center align-items-lg-stretch align-items-md-stretch align-items-stretch gutters-col-lg-2 gutters-col-md-2 gutters-col-0 gutters-col-v-lg-2 gutters-col-v-md-2 gutters-col-v-2\">\n          <!---->\n          <div class=\"h-column h-column-container d-flex h-col-lg-auto h-col-md-auto h-col-auto style-1499-outer style-local-1712-c19-outer\">\n            <div data-colibri-id=\"1712-c19\" class=\"d-flex h-flex-basis h-column__inner h-px-lg-2 h-px-md-2 h-px-2 v-inner-lg-2 v-inner-md-2 v-inner-2 style-1499 style-local-1712-c19 position-relative\">\n              <!---->\n              <!---->\n              <div class=\"w-100 h-y-container h-column__content h-column__v-align flex-basis-100 align-self-lg-start align-self-md-start align-self-start\">\n                <!---->\n                <div data-colibri-id=\"1712-c20\" class=\"h-x-container style-1500 style-local-1712-c20 position-relative h-element\">\n                  <!---->\n                  <div class=\"h-x-container-inner style-dynamic-1712-c20-group style-1500-spacing style-local-1712-c20-spacing\"><span class=\"h-button__outer style-1501-outer style-local-1712-c21-outer d-inline-flex h-element\"><a h-use-smooth-scroll=\"true\" href=\"https:\/\/vimeo.com\/655215875?embedded=false&amp;source=vimeo_logo&amp;owner=6822605\"  data-colibri-id=\"1712-c21\" class=\"d-flex w-100 align-items-center h-button justify-content-lg-center justify-content-md-center justify-content-center style-1501 style-local-1712-c21 position-relative\"><!----><!----> <span>Watch Presentation<\/span><\/a>\n                    <\/span>\n                  <\/div>\n                <\/div>\n              <\/div>\n            <\/div>\n          <\/div>\n        <\/div>\n      <\/div>\n    <\/div>\n  <\/div>\n  <div data-colibri-component=\"section\" data-colibri-id=\"1712-c22\" id=\"custom-3\" class=\"h-section h-section-global-spacing d-flex align-items-lg-center align-items-md-center align-items-center style-1248 style-local-1712-c22 position-relative\">\n    <!---->\n    <!---->\n    <div class=\"h-section-grid-container h-section-boxed-container\">\n      <!---->\n      <div data-colibri-id=\"1712-c23\" class=\"h-row-container gutters-row-lg-2 gutters-row-md-2 gutters-row-0 gutters-row-v-lg-2 gutters-row-v-md-2 gutters-row-v-2 style-1249 style-local-1712-c23 position-relative\">\n        <!---->\n        <div class=\"h-row justify-content-lg-center justify-content-md-center justify-content-center align-items-lg-stretch align-items-md-stretch align-items-stretch gutters-col-lg-2 gutters-col-md-2 gutters-col-0 gutters-col-v-lg-2 gutters-col-v-md-2 gutters-col-v-2\">\n          <!---->\n          <div class=\"h-column h-column-container d-flex h-col-lg-auto h-col-md-auto h-col-auto style-1250-outer style-local-1712-c24-outer\">\n            <div data-colibri-id=\"1712-c24\" class=\"d-flex h-flex-basis h-column__inner h-px-lg-2 h-px-md-2 h-px-2 v-inner-lg-2 v-inner-md-2 v-inner-2 style-1250 style-local-1712-c24 position-relative\">\n              <!---->\n              <!---->\n              <div class=\"w-100 h-y-container h-column__content h-column__v-align flex-basis-100 align-self-lg-start align-self-md-start align-self-start\">\n                <!---->\n                <div data-colibri-id=\"1712-c25\" class=\"h-text h-text-component style-1252 style-local-1712-c25 position-relative h-element\">\n                  <!---->\n                  <!---->\n                  <div class=\"\">\n                    <p><span style=\"font-weight: 400; font-size: 101%; color: rgb(10, 10, 10);\">Un voyage de r\u00e9conciliation?: Le Canada et l\u2019exp\u00e9dition C3<\/span><\/p>\n                    <p><em style=\"font-size: 90%; color: rgb(10, 10, 10);\">Daisy Raphael, Ph. D.<\/em><span style=\"font-size: 90%; color: rgb(10, 10, 10);\"><br><\/span><\/p>\n                    <p><span style=\"font-size: 90%; color: rgb(10, 10, 10);\">This presentation will examine the Canada C3 Expedition, an expedition through the Northwest Passage lasting 150 days to mark the sesquicentennial of Confederation in 2017. Described by its creator, Canadian explorer Geoff Green, as a &#8220;voyage of reconciliation&#8221;, the C3 Expedition is a rich case study for analyzing Canadian articulations of multiculturalism in the wake of the Truth and Reconciliation Commission. Designed from its outset to tell a story of Canadian sovereignty in a contested region, the expedition was rebranded as a &#8220;voyage of reconciliation&#8221; only after the election of the Trudeau Liberals in 2015, reflecting the new government&#8217;s emphasis on diversity, reconciliation, and inclusion. That the language of reconciliation could be appended to a project designed to tell a story of Canadian sovereignty is indicative of the Canadian state&#8217;s approach to reconciliation as a discourse that fails to re-imagine Canadian and Indigenous sovereignties as related and overlapping. Drawing upon the work of Indigenous studies and critical-race feminist scholars, Dr. Raphael will argue that the slippage from diversity to reconciliation signals a need to critique these as interrelated discourses that are productive of white settler subjectivity and supportive of Canadian state-making.<\/span><\/p>\n                    <p>\n                      <br>\n                    <\/p>\n                    <p><span style=\"font-family: Lato; color: rgb(8, 8, 8); font-size: 81%; font-weight: 400;\">Daisy Raphael, Ph. D.<\/span><span style=\"font-family: Lato; color: rgb(8, 8, 8); font-size: 81%;\"> recently successfully defended her PhD dissertation, \u201cA Landmark Celebration: Canada 150, Settler-Colonialism, and the Politics of Diversity &amp; Reconciliation\u201d within the Department of Political Science at the University of Alberta. In the context of social movement calls to end national commemorative projects that reflect the aims of white national state-building, her research explores the question of whether more diverse national commemorations have the potential to bring about more socially-just relations.<\/span><\/p>\n                    <p>\n                      <br>\n                    <\/p>\n                  <\/div>\n                <\/div>\n                <div data-colibri-id=\"1712-c26\" class=\"h-x-container style-1502 style-local-1712-c26 position-relative h-element\">\n                  <!---->\n                  <div class=\"h-x-container-inner style-dynamic-1712-c26-group style-1502-spacing style-local-1712-c26-spacing\"><span class=\"h-button__outer style-1503-outer style-local-1712-c27-outer d-inline-flex h-element\"><a h-use-smooth-scroll=\"true\" href=\"https:\/\/vimeo.com\/655217214?embedded=false&amp;source=vimeo_logo&amp;owner=6822605\"  data-colibri-id=\"1712-c27\" class=\"d-flex w-100 align-items-center h-button justify-content-lg-center justify-content-md-center justify-content-center style-1503 style-local-1712-c27 position-relative\"><!----><!----> <span>Watch Presentation<\/span><\/a>\n                    <\/span>\n                  <\/div>\n                <\/div>\n              <\/div>\n            <\/div>\n          <\/div>\n        <\/div>\n      <\/div>\n    <\/div>\n  <\/div>\n<\/div>","protected":false},"excerpt":{"rendered":"<p>Session 1: Embarking on the Journey to a Better Multiculturalism Inuit in Multi-cultural Canada: Shameless Democracy, Shameful Results Dr. Karla Jessen Williamson This presentation starts off with an Inuit creation story on how the aningaaq \/moon and seqineq\/sun became. The ancient story is weaved in and out addressing the terms \u201cIndigeneity\u201d as defined by the [&hellip;]<\/p>\n","protected":false},"author":3,"featured_media":0,"parent":1097,"menu_order":-1,"comment_status":"closed","ping_status":"closed","template":"page-templates\/full-width-page.php","meta":{"footnotes":""},"class_list":["post-1712","page","type-page","status-publish","hentry"],"_links":{"self":[{"href":"https:\/\/m50.artsrn.ualberta.ca\/fr\/wp-json\/wp\/v2\/pages\/1712","targetHints":{"allow":["GET"]}}],"collection":[{"href":"https:\/\/m50.artsrn.ualberta.ca\/fr\/wp-json\/wp\/v2\/pages"}],"about":[{"href":"https:\/\/m50.artsrn.ualberta.ca\/fr\/wp-json\/wp\/v2\/types\/page"}],"author":[{"embeddable":true,"href":"https:\/\/m50.artsrn.ualberta.ca\/fr\/wp-json\/wp\/v2\/users\/3"}],"replies":[{"embeddable":true,"href":"https:\/\/m50.artsrn.ualberta.ca\/fr\/wp-json\/wp\/v2\/comments?post=1712"}],"version-history":[{"count":9,"href":"https:\/\/m50.artsrn.ualberta.ca\/fr\/wp-json\/wp\/v2\/pages\/1712\/revisions"}],"predecessor-version":[{"id":2596,"href":"https:\/\/m50.artsrn.ualberta.ca\/fr\/wp-json\/wp\/v2\/pages\/1712\/revisions\/2596"}],"up":[{"embeddable":true,"href":"https:\/\/m50.artsrn.ualberta.ca\/fr\/wp-json\/wp\/v2\/pages\/1097"}],"wp:attachment":[{"href":"https:\/\/m50.artsrn.ualberta.ca\/fr\/wp-json\/wp\/v2\/media?parent=1712"}],"curies":[{"name":"wp","href":"https:\/\/api.w.org\/{rel}","templated":true}]}}